{"id":122,"date":"2021-10-29T05:13:37","date_gmt":"2021-10-29T04:13:37","guid":{"rendered":"http:\/\/hermosillamadrid.es\/?page_id=122"},"modified":"2021-12-02T07:06:05","modified_gmt":"2021-12-02T06:06:05","slug":"ts-cs","status":"publish","type":"page","link":"https:\/\/hermosillamadrid.es\/en\/ts-cs\/","title":{"rendered":"T\u2019s &#038; C\u2019s"},"content":{"rendered":"[vc_row remove_bottom_col_margin=&#8221;true&#8221; css=&#8221;.vc_custom_1638423411330{margin-top: 2em !important;margin-bottom: 2em !important;}&#8221; visibility=&#8221;hidden-phone&#8221;][vc_column][vc_raw_html]JTVCd3BtbF9sYW5ndWFnZV9zZWxlY3Rvcl93aWRnZXQlNUQ=[\/vc_raw_html]<figure class=\"vcex-image vcex-module wpex-clr\"><div class=\"vcex-image-inner wpex-relative\"><a href=\"http:\/\/hermosillamadrid.es\/en\/\"><img decoding=\"async\" width=\"9999\" loading=\"lazy\" class=\"wpex-align-middle wpex-w-100\" src=\"https:\/\/hermosillamadrid.es\/wp-content\/uploads\/2021\/10\/logo-hermosilla.svg\" alt=\"\" height=\"20\" \/><\/a><\/div><\/figure>[\/vc_column][\/vc_row][vc_row remove_bottom_col_margin=&#8221;true&#8221; css=&#8221;.vc_custom_1635492440823{margin-top: 3em !important;margin-bottom: 1em !important;}&#8221; visibility=&#8221;visible-phone&#8221;][vc_column el_class=&#8221;recorte&#8221;]<figure class=\"vcex-image vcex-module wpex-clr\"><div class=\"vcex-image-inner wpex-relative\"><a href=\"http:\/\/hermosillamadrid.es\/en\/\"><img decoding=\"async\" width=\"9999\" loading=\"lazy\" class=\"wpex-align-middle wpex-w-100\" src=\"https:\/\/hermosillamadrid.es\/wp-content\/uploads\/2021\/10\/logo-hermosilla.svg\" alt=\"\" height=\"20\" \/><\/a><\/div><\/figure><div class=\"vcex-spacing wpex-w-100 wpex-clear\" style=\"height:1.5em\"><\/div>[vc_column_text]<a class=\"mobile-menu-toggle\" role=\"button\" href=\"#\" aria-label=\"Toggle mobile menu\" aria-expanded=\"false\"><img loading=\"lazy\" decoding=\"async\" class=\"size-thumbnail wp-image-146 alignright\" src=\"http:\/\/hermosillamadrid.es\/wp-content\/uploads\/2021\/10\/mobileobscuro.svg\" alt=\"\" width=\"53\" height=\"21\" \/><\/a>[\/vc_column_text][\/vc_column][\/vc_row][vc_row column_spacing=&#8221;0px&#8221; visibility=&#8221;hidden-phone&#8221; css=&#8221;.vc_custom_1638423173984{margin-bottom: 2.4em !important;}&#8221;][vc_column width=&#8221;1\/4&#8243;]<div class=\"theme-button-expanded-wrap theme-button-wrap wpex-clr\"><a href=\"\/en\/#project\" class=\"vcex-button theme-button expanded local-scroll-link expanded\" style=\"padding-top:8%;padding-bottom:8%;font-size:1.2em;border-radius:0;\"><span class=\"theme-button-inner\">Project<\/span><\/a><\/div> [\/vc_column][vc_column width=&#8221;1\/4&#8243;]<div class=\"theme-button-expanded-wrap theme-button-wrap wpex-clr\"><a href=\"\/en\/#menu\" class=\"vcex-button theme-button expanded local-scroll-link expanded\" style=\"padding-top:8%;padding-bottom:8%;font-size:1.2em;border-radius:0;\"><span class=\"theme-button-inner\">Menu<\/span><\/a><\/div> [\/vc_column][vc_column width=&#8221;1\/4&#8243;]<div class=\"theme-button-expanded-wrap theme-button-wrap wpex-clr\"><a href=\"\/en\/#contact\" class=\"vcex-button theme-button expanded local-scroll-link expanded\" style=\"padding-top:8%;padding-bottom:8%;font-size:1.2em;border-radius:0;\"><span class=\"theme-button-inner\">Contact<\/span><\/a><\/div> [\/vc_column][vc_column width=&#8221;1\/4&#8243;]<div class=\"theme-button-expanded-wrap theme-button-wrap wpex-clr\"><a href=\"#\" class=\"vcex-button theme-button expanded abrepop expanded\" style=\"background:#f49454;padding-top:8%;padding-bottom:8%;color:#431210;font-size:1.2em;border-radius:0;\" rel=\"nofollow\" data-wpex-hover='{&quot;background&quot;:&quot;#431210&quot;,&quot;color&quot;:&quot;#f49454&quot;}'><span class=\"theme-button-inner\">Booking<\/span><\/a><\/div> [\/vc_column][\/vc_row][vc_row][vc_column][vc_column_text width=&#8221;900px&#8221; align=&#8221;center&#8221;]\n<h1>TC<\/h1>\n<h2>1. QUI\u00c9NES SOMOS<\/h2>\n<p>HERMOSILLA, con domicilio social en Hermosilla 4, 28001, Salamanca, Madrid, pudiendo contactarse con la empresa, para cualquier cuesti\u00f3n relacionada con este website, en el tel\u00e9fono +34 914 924 122 y\/o en el Buz\u00f3n de Correo Electr\u00f3nico: hola@hermosilla.es<\/p>\n<h2>2. QU\u00c9 ES LA WEB SITE<\/h2>\n<p>El sitio www.hermosilla.es en el cual te encuentras es el espacio interactivo creado por HERMOSILLA para ofrecer mayor informaci\u00f3n sobre sus productos y servicios.<\/p>\n<h2>3.- PROPIEDAD DEL WEB Y RESTRICCIONES DE USO<\/h2>\n<p>Estas Web son propiedad de HERMOSILLA Todos los nombres de dominio y dem\u00e1s derechos de propiedad intelectual son propiedad de HERMOSILLA de tal forma que ning\u00fan contenido del mismo podr\u00e1 ser cedido, copiado, reproducido, publicado, cargado, enviado, transmitido, distribuido o explotado de ninguna manera, excepci\u00f3n hecha de la utilizaci\u00f3n de las Web y de sus contenidos conforme a la finalidad del mismo, pudiendo realizar descargas y copias estrictamente privadas sin poder realizar ning\u00fan uso diferente al estipulado en estas condiciones. Contravenir lo anterior supondr\u00e1 una violaci\u00f3n de los derechos de autor y dem\u00e1s derechos propiedad de HERMOSILLA La modificaci\u00f3n y el uso de los contenidos para fines distintos de los aqu\u00ed permitidos es una violaci\u00f3n de los derechos de autor y dem\u00e1s derechos de propiedad de MB HERMOSILLA. A los efectos de las presentes condiciones de uso, se proh\u00edbe el uso de los contenidos aqu\u00ed referidos en cualquier otro Web o red inform\u00e1tica.<\/p>\n<h2>4.- DURACI\u00d3N<\/h2>\n<p>Las presentes condiciones de uso regir\u00e1n en tanto en cuanto se mantengan inalterables en el website, reserv\u00e1ndose HERMOSILLA el derecho a su alteraci\u00f3n, modificaci\u00f3n o supresi\u00f3n en cualquier momento, debiendo figurar esos cambios en la propia p\u00e1gina Web.[\/vc_column_text][\/vc_column][\/vc_row]\n","protected":false},"excerpt":{"rendered":"<p>[vc_row remove_bottom_col_margin=&#8221;true&#8221; css=&#8221;.vc_custom_1638423411330{margin-top: 2em !important;margin-bottom: 2em !important;}&#8221; visibility=&#8221;hidden-phone&#8221;][vc_column][vc_raw_html]JTVCd3BtbF9sYW5ndWFnZV9zZWxlY3Rvcl93aWRnZXQlNUQ=[\/vc_raw_html][\/vc_column][\/vc_row][vc_row remove_bottom_col_margin=&#8221;true&#8221; css=&#8221;.vc_custom_1635492440823{margin-top: 3em !important;margin-bottom: 1em !important;}&#8221; visibility=&#8221;visible-phone&#8221;][vc_column el_class=&#8221;recorte&#8221;][vc_column_text][\/vc_column_text][\/vc_column][\/vc_row][vc_row column_spacing=&#8221;0px&#8221; visibility=&#8221;hidden-phone&#8221; css=&#8221;.vc_custom_1638423173984{margin-bottom: 2.4em !important;}&#8221;][vc_column width=&#8221;1\/4&#8243;][\/vc_column][vc_column width=&#8221;1\/4&#8243;][\/vc_column][vc_column width=&#8221;1\/4&#8243;][\/vc_column][vc_column width=&#8221;1\/4&#8243;][\/vc_column][\/vc_row][vc_row][vc_column][vc_column_text width=&#8221;900px&#8221; align=&#8221;center&#8221;] TC 1. QUI\u00c9NES SOMOS HERMOSILLA, con domicilio social en Hermosilla 4, 28001, Salamanca, Madrid, pudiendo contactarse con la empresa, para cualquier cuesti\u00f3n relacionada con este website, en el&hellip;<\/p>\n","protected":false},"author":1,"featured_media":0,"parent":0,"menu_order":0,"comment_status":"closed","ping_status":"closed","template":"","meta":{"inline_featured_image":false,"footnotes":""},"class_list":["post-122","page","type-page","status-publish","hentry","entry","no-media"],"yoast_head":"<!-- This site is optimized with the Yoast SEO plugin v27.4 - https:\/\/yoast.com\/product\/yoast-seo-wordpress\/ -->\n<title>T\u2019s &amp; C\u2019s &#8212; HER<\/title>\n<meta name=\"robots\" content=\"index, follow, max-snippet:-1, max-image-preview:large, max-video-preview:-1\" \/>\n<link rel=\"canonical\" href=\"https:\/\/hermosillamadrid.es\/en\/ts-cs\/\" \/>\n<meta property=\"og:locale\" content=\"en_US\" \/>\n<meta property=\"og:type\" content=\"article\" \/>\n<meta property=\"og:title\" content=\"T\u2019s &amp; C\u2019s &#8212; HER\" \/>\n<meta property=\"og:description\" content=\"[vc_row remove_bottom_col_margin=&#8221;true&#8221; css=&#8221;.vc_custom_1638423411330{margin-top: 2em !important;margin-bottom: 2em !important;}&#8221; visibility=&#8221;hidden-phone&#8221;][vc_column][vc_raw_html]JTVCd3BtbF9sYW5ndWFnZV9zZWxlY3Rvcl93aWRnZXQlNUQ=[\/vc_raw_html][\/vc_column][\/vc_row][vc_row remove_bottom_col_margin=&#8221;true&#8221; css=&#8221;.vc_custom_1635492440823{margin-top: 3em !important;margin-bottom: 1em !important;}&#8221; visibility=&#8221;visible-phone&#8221;][vc_column el_class=&#8221;recorte&#8221;][vc_column_text][\/vc_column_text][\/vc_column][\/vc_row][vc_row column_spacing=&#8221;0px&#8221; visibility=&#8221;hidden-phone&#8221; css=&#8221;.vc_custom_1638423173984{margin-bottom: 2.4em !important;}&#8221;][vc_column width=&#8221;1\/4&#8243;][\/vc_column][vc_column width=&#8221;1\/4&#8243;][\/vc_column][vc_column width=&#8221;1\/4&#8243;][\/vc_column][vc_column width=&#8221;1\/4&#8243;][\/vc_column][\/vc_row][vc_row][vc_column][vc_column_text width=&#8221;900px&#8221; align=&#8221;center&#8221;] TC 1. QUI\u00c9NES SOMOS HERMOSILLA, con domicilio social en Hermosilla 4, 28001, Salamanca, Madrid, pudiendo contactarse con la empresa, para cualquier cuesti\u00f3n relacionada con este website, en el&hellip;\" \/>\n<meta property=\"og:url\" content=\"https:\/\/hermosillamadrid.es\/en\/ts-cs\/\" \/>\n<meta property=\"og:site_name\" content=\"HER\" \/>\n<meta property=\"article:modified_time\" content=\"2021-12-02T06:06:05+00:00\" \/>\n<meta property=\"og:image\" content=\"http:\/\/hermosillamadrid.es\/wp-content\/uploads\/2021\/10\/mobileobscuro.svg\" \/>\n<meta name=\"twitter:card\" content=\"summary_large_image\" \/>\n<meta name=\"twitter:label1\" content=\"Est. reading time\" \/>\n\t<meta name=\"twitter:data1\" content=\"2 minutes\" \/>\n<script type=\"application\/ld+json\" class=\"yoast-schema-graph\">{\"@context\":\"https:\\\/\\\/schema.org\",\"@graph\":[{\"@type\":\"WebPage\",\"@id\":\"https:\\\/\\\/hermosillamadrid.es\\\/en\\\/ts-cs\\\/\",\"url\":\"https:\\\/\\\/hermosillamadrid.es\\\/en\\\/ts-cs\\\/\",\"name\":\"T\u2019s & C\u2019s &#8212; HER\",\"isPartOf\":{\"@id\":\"https:\\\/\\\/hermosillamadrid.es\\\/en\\\/#website\"},\"primaryImageOfPage\":{\"@id\":\"https:\\\/\\\/hermosillamadrid.es\\\/en\\\/ts-cs\\\/#primaryimage\"},\"image\":{\"@id\":\"https:\\\/\\\/hermosillamadrid.es\\\/en\\\/ts-cs\\\/#primaryimage\"},\"thumbnailUrl\":\"http:\\\/\\\/hermosillamadrid.es\\\/wp-content\\\/uploads\\\/2021\\\/10\\\/mobileobscuro.svg\",\"datePublished\":\"2021-10-29T04:13:37+00:00\",\"dateModified\":\"2021-12-02T06:06:05+00:00\",\"breadcrumb\":{\"@id\":\"https:\\\/\\\/hermosillamadrid.es\\\/en\\\/ts-cs\\\/#breadcrumb\"},\"inLanguage\":\"en-US\",\"potentialAction\":[{\"@type\":\"ReadAction\",\"target\":[\"https:\\\/\\\/hermosillamadrid.es\\\/en\\\/ts-cs\\\/\"]}]},{\"@type\":\"ImageObject\",\"inLanguage\":\"en-US\",\"@id\":\"https:\\\/\\\/hermosillamadrid.es\\\/en\\\/ts-cs\\\/#primaryimage\",\"url\":\"http:\\\/\\\/hermosillamadrid.es\\\/wp-content\\\/uploads\\\/2021\\\/10\\\/mobileobscuro.svg\",\"contentUrl\":\"http:\\\/\\\/hermosillamadrid.es\\\/wp-content\\\/uploads\\\/2021\\\/10\\\/mobileobscuro.svg\"},{\"@type\":\"BreadcrumbList\",\"@id\":\"https:\\\/\\\/hermosillamadrid.es\\\/en\\\/ts-cs\\\/#breadcrumb\",\"itemListElement\":[{\"@type\":\"ListItem\",\"position\":1,\"name\":\"Inicio\",\"item\":\"https:\\\/\\\/hermosillamadrid.es\\\/en\\\/\"},{\"@type\":\"ListItem\",\"position\":2,\"name\":\"T\u2019s &#038; C\u2019s\"}]},{\"@type\":\"WebSite\",\"@id\":\"https:\\\/\\\/hermosillamadrid.es\\\/en\\\/#website\",\"url\":\"https:\\\/\\\/hermosillamadrid.es\\\/en\\\/\",\"name\":\"HER\",\"description\":\"En el barrio de Salamanca Madrid, Espa\u00f1a.\",\"publisher\":{\"@id\":\"https:\\\/\\\/hermosillamadrid.es\\\/en\\\/#organization\"},\"potentialAction\":[{\"@type\":\"SearchAction\",\"target\":{\"@type\":\"EntryPoint\",\"urlTemplate\":\"https:\\\/\\\/hermosillamadrid.es\\\/en\\\/?s={search_term_string}\"},\"query-input\":{\"@type\":\"PropertyValueSpecification\",\"valueRequired\":true,\"valueName\":\"search_term_string\"}}],\"inLanguage\":\"en-US\"},{\"@type\":\"Organization\",\"@id\":\"https:\\\/\\\/hermosillamadrid.es\\\/en\\\/#organization\",\"name\":\"Hermosilla\",\"url\":\"https:\\\/\\\/hermosillamadrid.es\\\/en\\\/\",\"logo\":{\"@type\":\"ImageObject\",\"inLanguage\":\"en-US\",\"@id\":\"https:\\\/\\\/hermosillamadrid.es\\\/en\\\/#\\\/schema\\\/logo\\\/image\\\/\",\"url\":\"http:\\\/\\\/hermosillamadrid.es\\\/wp-content\\\/uploads\\\/2021\\\/10\\\/logo-hermosilla.svg\",\"contentUrl\":\"http:\\\/\\\/hermosillamadrid.es\\\/wp-content\\\/uploads\\\/2021\\\/10\\\/logo-hermosilla.svg\",\"width\":100,\"height\":20,\"caption\":\"Hermosilla\"},\"image\":{\"@id\":\"https:\\\/\\\/hermosillamadrid.es\\\/en\\\/#\\\/schema\\\/logo\\\/image\\\/\"}}]}<\/script>\n<!-- \/ Yoast SEO plugin. -->","yoast_head_json":{"title":"T\u2019s & C\u2019s &#8212; HER","robots":{"index":"index","follow":"follow","max-snippet":"max-snippet:-1","max-image-preview":"max-image-preview:large","max-video-preview":"max-video-preview:-1"},"canonical":"https:\/\/hermosillamadrid.es\/en\/ts-cs\/","og_locale":"en_US","og_type":"article","og_title":"T\u2019s & C\u2019s &#8212; HER","og_description":"[vc_row remove_bottom_col_margin=&#8221;true&#8221; css=&#8221;.vc_custom_1638423411330{margin-top: 2em !important;margin-bottom: 2em !important;}&#8221; visibility=&#8221;hidden-phone&#8221;][vc_column][vc_raw_html]JTVCd3BtbF9sYW5ndWFnZV9zZWxlY3Rvcl93aWRnZXQlNUQ=[\/vc_raw_html][\/vc_column][\/vc_row][vc_row remove_bottom_col_margin=&#8221;true&#8221; css=&#8221;.vc_custom_1635492440823{margin-top: 3em !important;margin-bottom: 1em !important;}&#8221; visibility=&#8221;visible-phone&#8221;][vc_column el_class=&#8221;recorte&#8221;][vc_column_text][\/vc_column_text][\/vc_column][\/vc_row][vc_row column_spacing=&#8221;0px&#8221; visibility=&#8221;hidden-phone&#8221; css=&#8221;.vc_custom_1638423173984{margin-bottom: 2.4em !important;}&#8221;][vc_column width=&#8221;1\/4&#8243;][\/vc_column][vc_column width=&#8221;1\/4&#8243;][\/vc_column][vc_column width=&#8221;1\/4&#8243;][\/vc_column][vc_column width=&#8221;1\/4&#8243;][\/vc_column][\/vc_row][vc_row][vc_column][vc_column_text width=&#8221;900px&#8221; align=&#8221;center&#8221;] TC 1. QUI\u00c9NES SOMOS HERMOSILLA, con domicilio social en Hermosilla 4, 28001, Salamanca, Madrid, pudiendo contactarse con la empresa, para cualquier cuesti\u00f3n relacionada con este website, en el&hellip;","og_url":"https:\/\/hermosillamadrid.es\/en\/ts-cs\/","og_site_name":"HER","article_modified_time":"2021-12-02T06:06:05+00:00","og_image":[{"url":"http:\/\/hermosillamadrid.es\/wp-content\/uploads\/2021\/10\/mobileobscuro.svg","type":"","width":"","height":""}],"twitter_card":"summary_large_image","twitter_misc":{"Est. reading time":"2 minutes"},"schema":{"@context":"https:\/\/schema.org","@graph":[{"@type":"WebPage","@id":"https:\/\/hermosillamadrid.es\/en\/ts-cs\/","url":"https:\/\/hermosillamadrid.es\/en\/ts-cs\/","name":"T\u2019s & C\u2019s &#8212; HER","isPartOf":{"@id":"https:\/\/hermosillamadrid.es\/en\/#website"},"primaryImageOfPage":{"@id":"https:\/\/hermosillamadrid.es\/en\/ts-cs\/#primaryimage"},"image":{"@id":"https:\/\/hermosillamadrid.es\/en\/ts-cs\/#primaryimage"},"thumbnailUrl":"http:\/\/hermosillamadrid.es\/wp-content\/uploads\/2021\/10\/mobileobscuro.svg","datePublished":"2021-10-29T04:13:37+00:00","dateModified":"2021-12-02T06:06:05+00:00","breadcrumb":{"@id":"https:\/\/hermosillamadrid.es\/en\/ts-cs\/#breadcrumb"},"inLanguage":"en-US","potentialAction":[{"@type":"ReadAction","target":["https:\/\/hermosillamadrid.es\/en\/ts-cs\/"]}]},{"@type":"ImageObject","inLanguage":"en-US","@id":"https:\/\/hermosillamadrid.es\/en\/ts-cs\/#primaryimage","url":"http:\/\/hermosillamadrid.es\/wp-content\/uploads\/2021\/10\/mobileobscuro.svg","contentUrl":"http:\/\/hermosillamadrid.es\/wp-content\/uploads\/2021\/10\/mobileobscuro.svg"},{"@type":"BreadcrumbList","@id":"https:\/\/hermosillamadrid.es\/en\/ts-cs\/#breadcrumb","itemListElement":[{"@type":"ListItem","position":1,"name":"Inicio","item":"https:\/\/hermosillamadrid.es\/en\/"},{"@type":"ListItem","position":2,"name":"T\u2019s &#038; C\u2019s"}]},{"@type":"WebSite","@id":"https:\/\/hermosillamadrid.es\/en\/#website","url":"https:\/\/hermosillamadrid.es\/en\/","name":"HER","description":"En el barrio de Salamanca Madrid, Espa\u00f1a.","publisher":{"@id":"https:\/\/hermosillamadrid.es\/en\/#organization"},"potentialAction":[{"@type":"SearchAction","target":{"@type":"EntryPoint","urlTemplate":"https:\/\/hermosillamadrid.es\/en\/?s={search_term_string}"},"query-input":{"@type":"PropertyValueSpecification","valueRequired":true,"valueName":"search_term_string"}}],"inLanguage":"en-US"},{"@type":"Organization","@id":"https:\/\/hermosillamadrid.es\/en\/#organization","name":"Hermosilla","url":"https:\/\/hermosillamadrid.es\/en\/","logo":{"@type":"ImageObject","inLanguage":"en-US","@id":"https:\/\/hermosillamadrid.es\/en\/#\/schema\/logo\/image\/","url":"http:\/\/hermosillamadrid.es\/wp-content\/uploads\/2021\/10\/logo-hermosilla.svg","contentUrl":"http:\/\/hermosillamadrid.es\/wp-content\/uploads\/2021\/10\/logo-hermosilla.svg","width":100,"height":20,"caption":"Hermosilla"},"image":{"@id":"https:\/\/hermosillamadrid.es\/en\/#\/schema\/logo\/image\/"}}]}},"_links":{"self":[{"href":"https:\/\/hermosillamadrid.es\/en\/wp-json\/wp\/v2\/pages\/122","targetHints":{"allow":["GET"]}}],"collection":[{"href":"https:\/\/hermosillamadrid.es\/en\/wp-json\/wp\/v2\/pages"}],"about":[{"href":"https:\/\/hermosillamadrid.es\/en\/wp-json\/wp\/v2\/types\/page"}],"author":[{"embeddable":true,"href":"https:\/\/hermosillamadrid.es\/en\/wp-json\/wp\/v2\/users\/1"}],"replies":[{"embeddable":true,"href":"https:\/\/hermosillamadrid.es\/en\/wp-json\/wp\/v2\/comments?post=122"}],"version-history":[{"count":7,"href":"https:\/\/hermosillamadrid.es\/en\/wp-json\/wp\/v2\/pages\/122\/revisions"}],"predecessor-version":[{"id":374,"href":"https:\/\/hermosillamadrid.es\/en\/wp-json\/wp\/v2\/pages\/122\/revisions\/374"}],"wp:attachment":[{"href":"https:\/\/hermosillamadrid.es\/en\/wp-json\/wp\/v2\/media?parent=122"}],"curies":[{"name":"wp","href":"https:\/\/api.w.org\/{rel}","templated":true}]}}